{"id":11,"date":"2021-05-13T05:31:27","date_gmt":"2021-05-13T05:31:27","guid":{"rendered":"http:\/\/suministrosjimart.mx\/?page_id=11"},"modified":"2022-01-21T16:54:40","modified_gmt":"2022-01-21T16:54:40","slug":"about","status":"publish","type":"page","link":"https:\/\/suministrosjimart.mx\/?page_id=11","title":{"rendered":"Historia"},"content":{"rendered":"\n<div class=\"wp-block-cover alignfull has-ast-global-color-0-background-color has-background-dim\" style=\"min-height:500px;aspect-ratio:unset;\"><div class=\"wp-block-cover__inner-container is-layout-flow wp-block-cover-is-layout-flow\">\n<h1 class=\"has-white-color has-text-color wp-block-heading\">Acerca de Nuestra Empresa<\/h1>\n\n\n\n<p>Con una experiencia de mas de 30 a\u00f1os en el mercado contamos con un eficiente equipo de ventas, distribuci\u00f3n y reparto que le asegura la entrega de su material en 24hrs.<\/p>\n<\/div><\/div>\n\n\n\n<div class=\"wp-block-group alignfull has-ast-global-color-5-background-color has-background is-layout-flow wp-block-group-is-layout-flow\"><div class=\"wp-block-group__inner-container\">\n<div class=\"wp-block-media-text alignwide is-stacked-on-mobile has-ast-global-color-0-background-color has-background\"><figure class=\"wp-block-media-text__media\"><img loading=\"lazy\" decoding=\"async\" width=\"870\" height=\"566\" src=\"https:\/\/suministrosjimart.mx\/wp-content\/uploads\/2022\/01\/maestria-en-logistica.jpg\" alt=\"\" class=\"wp-image-299 size-full\" srcset=\"https:\/\/suministrosjimart.mx\/wp-content\/uploads\/2022\/01\/maestria-en-logistica.jpg 870w, https:\/\/suministrosjimart.mx\/wp-content\/uploads\/2022\/01\/maestria-en-logistica-300x195.jpg 300w, https:\/\/suministrosjimart.mx\/wp-content\/uploads\/2022\/01\/maestria-en-logistica-768x500.jpg 768w\" sizes=\"auto, (max-width: 870px) 100vw, 870px\" \/><\/figure><div class=\"wp-block-media-text__content\">\n<h2 class=\"has-white-color has-text-color wp-block-heading\">Damos pronta respuesta a sus requerimientos<\/h2>\n\n\n\n<p class=\"has-text-color\" style=\"color:#ffffff\">Nuestro equipo de ventas esta disponible para usted para recibir sus pedido y dar seguimiento hasta la entrega de su equipo, tratando de ser en el mejor tiempo posible.<\/p>\n<\/div><\/div>\n<\/div><\/div>\n\n\n\n<div class=\"wp-block-group alignfull has-ast-global-color-5-background-color has-background is-layout-flow wp-block-group-is-layout-flow\"><div class=\"wp-block-group__inner-container\">\n<div class=\"wp-block-columns alignwide is-layout-flex wp-container-core-columns-is-layout-9d6595d7 wp-block-columns-is-layout-flex\">\n<div class=\"wp-block-column is-layout-flow wp-block-column-is-layout-flow\" style=\"flex-basis:66.66%\">\n<h3 class=\"wp-block-heading\">Mision<\/h3>\n\n\n\n<p id=\"tw-target-text\">Nos esforzamos en surtir los equipos de seguridad m\u00e1s confiables y eficientes para su operaci\u00f3n, sin comprometer la calidad o la seguridad. Tambi\u00e9n aspiramos a demostrar nuestras habilidades de calidad, precios justos y atenci\u00f3n al cliente, para que nuestra relaci\u00f3n comercial contin\u00fae por muchos a\u00f1os.<\/p>\n<\/div>\n\n\n\n<div class=\"wp-block-column is-layout-flow wp-block-column-is-layout-flow\" style=\"flex-basis:33.33%\">\n<h3 class=\"wp-block-heading\">Valores<\/h3>\n\n\n\n<ul class=\"wp-block-list\"><li>Honestidad es la clave para la confianza e integridad para nuestra empresa.<\/li><li>Siempre hacer lo correcto para resolver las necesidades del cliente.<\/li><li>Realizar nuestro trabajo con el mas alto nivel de excelencia en mente.<\/li><\/ul>\n<\/div>\n<\/div>\n<\/div><\/div>\n\n\n\n<div class=\"wp-block-group alignfull has-ast-global-color-5-background-color has-background is-layout-flow wp-block-group-is-layout-flow\"><div class=\"wp-block-group__inner-container\">\n<div class=\"wp-block-media-text has-media-on-the-right is-stacked-on-mobile is-vertically-aligned-center has-ast-global-color-0-background-color has-background\"><figure class=\"wp-block-media-text__media\"><img loading=\"lazy\" decoding=\"async\" width=\"600\" height=\"400\" src=\"https:\/\/suministrosjimart.mx\/wp-content\/uploads\/2022\/01\/sector-de-la-logistica-y-el-transporte.jpg\" alt=\"\" class=\"wp-image-301 size-full\" srcset=\"https:\/\/suministrosjimart.mx\/wp-content\/uploads\/2022\/01\/sector-de-la-logistica-y-el-transporte.jpg 600w, https:\/\/suministrosjimart.mx\/wp-content\/uploads\/2022\/01\/sector-de-la-logistica-y-el-transporte-300x200.jpg 300w\" sizes=\"auto, (max-width: 600px) 100vw, 600px\" \/><\/figure><div class=\"wp-block-media-text__content\">\n<h2 class=\"has-text-align-left has-white-color has-text-color wp-block-heading\">Por que elegirnos?<\/h2>\n\n\n\n<p class=\"has-text-align-left has-white-color has-text-color\">Contamos con el personal mas capacitado para poder dar a usted nuestro cliente la mejor recomendaci\u00f3n del equipo de seguridad necesario para su empresa. Le aseguramos ser su mejor elecci\u00f3n!<\/p>\n\n\n\n<ul class=\"has-text-color wp-block-list\" style=\"color:#f3f5f5\"><li>Personal altamente calificado<\/li><li>Precios competitivos<\/li><li>Satisfacci\u00f3n 100%<\/li><li>Amplia \u00e1rea de servicio<\/li><li>Respaldo de marcas lideres en el mercado de seguridad industrial<\/li><\/ul>\n\n\n\n<p><\/p>\n<\/div><\/div>\n<\/div><\/div>\n\n\n\n<div class=\"wp-block-group alignfull has-ast-global-color-5-background-color has-background is-layout-flow wp-block-group-is-layout-flow\"><div class=\"wp-block-group__inner-container\"><\/div><\/div>\n\n\n\n<div class=\"wp-block-cover alignfull has-ast-global-color-0-background-color has-background-dim\" style=\"min-height:200px;aspect-ratio:unset;\"><div class=\"wp-block-cover__inner-container is-layout-flow wp-block-cover-is-layout-flow\">\n<div class=\"wp-block-media-text is-stacked-on-mobile is-vertically-aligned-center\"><figure class=\"wp-block-media-text__media\"><img loading=\"lazy\" decoding=\"async\" width=\"480\" height=\"300\" src=\"https:\/\/suministrosjimart.mx\/wp-content\/uploads\/2022\/01\/logstica-de-la-empresa.jpg\" alt=\"\" class=\"wp-image-302 size-full\" srcset=\"https:\/\/suministrosjimart.mx\/wp-content\/uploads\/2022\/01\/logstica-de-la-empresa.jpg 480w, https:\/\/suministrosjimart.mx\/wp-content\/uploads\/2022\/01\/logstica-de-la-empresa-300x188.jpg 300w\" sizes=\"auto, (max-width: 480px) 100vw, 480px\" \/><\/figure><div class=\"wp-block-media-text__content\">\n<div class=\"wp-block-group is-layout-flow wp-block-group-is-layout-flow\"><div class=\"wp-block-group__inner-container\">\n<h2 class=\"has-text-align-center has-white-color has-text-color wp-block-heading\">Estamos para servirle y ayudarle!<\/h2>\n\n\n\n<div class=\"wp-block-buttons is-content-justification-center is-layout-flex wp-block-buttons-is-layout-flex\">\n<div class=\"wp-block-button\"><a class=\"wp-block-button__link has-ast-global-color-0-color has-ast-global-color-4-background-color has-text-color has-background\" href=\"#\">ventas@suministrosjimart.mx<\/a><\/div>\n<\/div>\n<\/div><\/div>\n<\/div><\/div>\n<\/div><\/div>\n","protected":false},"excerpt":{"rendered":"<p>Damos pronta respuesta a sus requerimientos Nuestro equipo de ventas esta disponible para usted para recibir sus pedido y dar seguimiento hasta la entrega de su equipo, tratando de ser en el mejor tiempo posible. Mision Nos esforzamos en surtir los equipos de seguridad m\u00e1s confiables y eficientes para su operaci\u00f3n, sin comprometer la calidad &hellip;<\/p>\n<p class=\"read-more\"> <a class=\"\" href=\"https:\/\/suministrosjimart.mx\/?page_id=11\"> <span class=\"screen-reader-text\">Historia<\/span> Read More &raquo;<\/a><\/p>\n","protected":false},"author":1,"featured_media":0,"parent":0,"menu_order":0,"comment_status":"closed","ping_status":"closed","template":"","meta":{"om_disable_all_campaigns":false,"_monsterinsights_skip_tracking":false,"_monsterinsights_sitenote_active":false,"_monsterinsights_sitenote_note":"","_monsterinsights_sitenote_category":0,"site-sidebar-layout":"no-sidebar","site-content-layout":"plain-container","ast-main-header-display":"","ast-hfb-above-header-display":"","ast-hfb-below-header-display":"","ast-hfb-mobile-header-display":"","site-post-title":"disabled","ast-breadcrumbs-content":"","ast-featured-img":"","footer-sml-layout":"","theme-transparent-header-meta":"enabled","adv-header-id-meta":"","stick-header-meta":"","header-above-stick-meta":"","header-main-stick-meta":"","header-below-stick-meta":"","footnotes":""},"class_list":["post-11","page","type-page","status-publish","hentry"],"_links":{"self":[{"href":"https:\/\/suministrosjimart.mx\/index.php?rest_route=\/wp\/v2\/pages\/11","targetHints":{"allow":["GET"]}}],"collection":[{"href":"https:\/\/suministrosjimart.mx\/index.php?rest_route=\/wp\/v2\/pages"}],"about":[{"href":"https:\/\/suministrosjimart.mx\/index.php?rest_route=\/wp\/v2\/types\/page"}],"author":[{"embeddable":true,"href":"https:\/\/suministrosjimart.mx\/index.php?rest_route=\/wp\/v2\/users\/1"}],"replies":[{"embeddable":true,"href":"https:\/\/suministrosjimart.mx\/index.php?rest_route=%2Fwp%2Fv2%2Fcomments&post=11"}],"version-history":[{"count":6,"href":"https:\/\/suministrosjimart.mx\/index.php?rest_route=\/wp\/v2\/pages\/11\/revisions"}],"predecessor-version":[{"id":337,"href":"https:\/\/suministrosjimart.mx\/index.php?rest_route=\/wp\/v2\/pages\/11\/revisions\/337"}],"wp:attachment":[{"href":"https:\/\/suministrosjimart.mx\/index.php?rest_route=%2Fwp%2Fv2%2Fmedia&parent=11"}],"curies":[{"name":"wp","href":"https:\/\/api.w.org\/{rel}","templated":true}]}}