{"id":12,"date":"2021-05-13T05:31:27","date_gmt":"2021-05-13T05:31:27","guid":{"rendered":"http:\/\/suministrosjimart.mx\/?page_id=12"},"modified":"2022-01-26T15:01:21","modified_gmt":"2022-01-26T15:01:21","slug":"services","status":"publish","type":"page","link":"https:\/\/suministrosjimart.mx\/?page_id=12","title":{"rendered":"Servicios"},"content":{"rendered":"\n<div class=\"wp-block-cover alignfull\" style=\"min-height:500px;aspect-ratio:unset;\"><span aria-hidden=\"true\" class=\"has-ast-global-color-0-background-color has-background-dim-100 wp-block-cover__gradient-background has-background-dim\"><\/span><div class=\"wp-block-cover__inner-container is-layout-flow wp-block-cover-is-layout-flow\">\n<h1 class=\"has-white-color has-text-color wp-block-heading\" id=\"nuestros-servicios\"><br>Nuestros Servicios<\/h1>\n\n\n\n<p>Le ofrecemos un gran surtido de equipo de seguridad desde un guante de carnaza hasta un equipo profesional de bombero, contamos tambi\u00e9n con la recarga y mantenimiento de extintores y todo tipo de se\u00f1alizaci\u00f3n vial  y protecci\u00f3n civil.<\/p>\n<\/div><\/div>\n\n\n\n<div class=\"wp-block-group alignfull has-ast-global-color-5-background-color has-background is-layout-flow wp-block-group-is-layout-flow\"><div class=\"wp-block-group__inner-container\">\n<h2 class=\"has-text-align-left wp-block-heading\" id=\"como-podemos-ayudarle\">Como podemos ayudarle?<\/h2>\n\n\n\n<div class=\"wp-block-columns alignwide is-layout-flex wp-container-core-columns-is-layout-9d6595d7 wp-block-columns-is-layout-flex\">\n<div class=\"wp-block-column is-layout-flow wp-block-column-is-layout-flow\">\n<figure class=\"wp-block-image size-large\"><img loading=\"lazy\" decoding=\"async\" width=\"1024\" height=\"977\" src=\"https:\/\/suministrosjimart.mx\/wp-content\/uploads\/2022\/01\/1623686196401-1024x977.jpg\" alt=\"\" class=\"wp-image-313\" srcset=\"https:\/\/suministrosjimart.mx\/wp-content\/uploads\/2022\/01\/1623686196401-1024x977.jpg 1024w, https:\/\/suministrosjimart.mx\/wp-content\/uploads\/2022\/01\/1623686196401-300x286.jpg 300w, https:\/\/suministrosjimart.mx\/wp-content\/uploads\/2022\/01\/1623686196401-768x733.jpg 768w, https:\/\/suministrosjimart.mx\/wp-content\/uploads\/2022\/01\/1623686196401-1536x1466.jpg 1536w, https:\/\/suministrosjimart.mx\/wp-content\/uploads\/2022\/01\/1623686196401.jpg 1936w\" sizes=\"auto, (max-width: 1024px) 100vw, 1024px\" \/><\/figure>\n\n\n\n<h4 class=\"wp-block-heading\" id=\"guantes\">Guantes<\/h4>\n\n\n\n<p>Guantes para todo tipo de trabajo que su empresa requiera, desde un guante de carnaza para trabajos en general o guantes para usos espec\u00edficos como manejo de sustancias peligrosas o guantes para alta tensi\u00f3n.<\/p>\n<\/div>\n\n\n\n<div class=\"wp-block-column is-layout-flow wp-block-column-is-layout-flow\">\n<figure class=\"wp-block-image size-full\"><img loading=\"lazy\" decoding=\"async\" width=\"600\" height=\"600\" src=\"https:\/\/suministrosjimart.mx\/wp-content\/uploads\/2022\/01\/EXTINTORES-PQS-1.jpeg\" alt=\"\" class=\"wp-image-314\" srcset=\"https:\/\/suministrosjimart.mx\/wp-content\/uploads\/2022\/01\/EXTINTORES-PQS-1.jpeg 600w, https:\/\/suministrosjimart.mx\/wp-content\/uploads\/2022\/01\/EXTINTORES-PQS-1-300x300.jpeg 300w, https:\/\/suministrosjimart.mx\/wp-content\/uploads\/2022\/01\/EXTINTORES-PQS-1-150x150.jpeg 150w\" sizes=\"auto, (max-width: 600px) 100vw, 600px\" \/><\/figure>\n\n\n\n<h4 class=\"wp-block-heading\" id=\"extintores\">Extintores<\/h4>\n\n\n\n<p>Recarga, mantenimiento y equipos nuevos de extintores de PQS, CO2 y Agua. Tambi\u00e9n contamos con Mangueras para hidrante, chiflones y todo el equipo para extinci\u00f3n de incendios. <\/p>\n<\/div>\n\n\n\n<div class=\"wp-block-column is-layout-flow wp-block-column-is-layout-flow\">\n<figure class=\"wp-block-image size-large\"><img loading=\"lazy\" decoding=\"async\" width=\"1024\" height=\"774\" src=\"https:\/\/suministrosjimart.mx\/wp-content\/uploads\/2022\/01\/BANNER-PROTECCION-ERGONOMICA-1024x774.jpg\" alt=\"\" class=\"wp-image-315\" srcset=\"https:\/\/suministrosjimart.mx\/wp-content\/uploads\/2022\/01\/BANNER-PROTECCION-ERGONOMICA-1024x774.jpg 1024w, https:\/\/suministrosjimart.mx\/wp-content\/uploads\/2022\/01\/BANNER-PROTECCION-ERGONOMICA-300x227.jpg 300w, https:\/\/suministrosjimart.mx\/wp-content\/uploads\/2022\/01\/BANNER-PROTECCION-ERGONOMICA-768x581.jpg 768w, https:\/\/suministrosjimart.mx\/wp-content\/uploads\/2022\/01\/BANNER-PROTECCION-ERGONOMICA.jpg 1029w\" sizes=\"auto, (max-width: 1024px) 100vw, 1024px\" \/><\/figure>\n\n\n\n<h4 class=\"wp-block-heading\" id=\"uniformes-y-fajas\">Uniformes y Fajas<\/h4>\n\n\n\n<p>En nuestro catalogo podr\u00e1 encontrar diferentes tipos de calidad en uniformes y equipos ergon\u00f3micos para el cuidado y seguridad de sus trabajadores en su empresa.<\/p>\n<\/div>\n<\/div>\n\n\n\n<div class=\"wp-block-columns alignwide is-layout-flex wp-container-core-columns-is-layout-9d6595d7 wp-block-columns-is-layout-flex\">\n<div class=\"wp-block-column is-layout-flow wp-block-column-is-layout-flow\">\n<figure class=\"wp-block-image size-full\"><img loading=\"lazy\" decoding=\"async\" width=\"960\" height=\"720\" src=\"https:\/\/suministrosjimart.mx\/wp-content\/uploads\/2022\/01\/tipos-de-lentes-o-gafas-de-seguridad.jpg\" alt=\"\" class=\"wp-image-348\" srcset=\"https:\/\/suministrosjimart.mx\/wp-content\/uploads\/2022\/01\/tipos-de-lentes-o-gafas-de-seguridad.jpg 960w, https:\/\/suministrosjimart.mx\/wp-content\/uploads\/2022\/01\/tipos-de-lentes-o-gafas-de-seguridad-300x225.jpg 300w, https:\/\/suministrosjimart.mx\/wp-content\/uploads\/2022\/01\/tipos-de-lentes-o-gafas-de-seguridad-768x576.jpg 768w\" sizes=\"auto, (max-width: 960px) 100vw, 960px\" \/><\/figure>\n\n\n\n<h4 class=\"wp-block-heading\" id=\"lentes-y-gogles\">Lentes y Gogles<\/h4>\n\n\n\n<p>Contamos con una gran variedad en lentes y gogles para que usted pueda seleccionar el adecuado a su necesidad de protecci\u00f3n<\/p>\n<\/div>\n\n\n\n<div class=\"wp-block-column is-layout-flow wp-block-column-is-layout-flow\">\n<figure class=\"wp-block-image size-large\"><img loading=\"lazy\" decoding=\"async\" width=\"680\" height=\"1024\" src=\"https:\/\/suministrosjimart.mx\/wp-content\/uploads\/2022\/01\/respirador-3M6800-680x1024.jpg\" alt=\"\" class=\"wp-image-350\" srcset=\"https:\/\/suministrosjimart.mx\/wp-content\/uploads\/2022\/01\/respirador-3M6800-680x1024.jpg 680w, https:\/\/suministrosjimart.mx\/wp-content\/uploads\/2022\/01\/respirador-3M6800-199x300.jpg 199w, https:\/\/suministrosjimart.mx\/wp-content\/uploads\/2022\/01\/respirador-3M6800-768x1157.jpg 768w, https:\/\/suministrosjimart.mx\/wp-content\/uploads\/2022\/01\/respirador-3M6800-1019x1536.jpg 1019w, https:\/\/suministrosjimart.mx\/wp-content\/uploads\/2022\/01\/respirador-3M6800-1359x2048.jpg 1359w, https:\/\/suministrosjimart.mx\/wp-content\/uploads\/2022\/01\/respirador-3M6800.jpg 1397w\" sizes=\"auto, (max-width: 680px) 100vw, 680px\" \/><\/figure>\n\n\n\n<h4 class=\"wp-block-heading\" id=\"mascarillas-y-respiradores\">Mascarillas y respiradores<\/h4>\n\n\n\n<p>En protecci\u00f3n respiratoria podr\u00e1 encontrar desde cubre bocas KN95 hasta un equipo de respiraci\u00f3n aut\u00f3noma.<\/p>\n<\/div>\n\n\n\n<div class=\"wp-block-column is-layout-flow wp-block-column-is-layout-flow\">\n<figure class=\"wp-block-image size-full\"><img loading=\"lazy\" decoding=\"async\" width=\"750\" height=\"565\" src=\"https:\/\/suministrosjimart.mx\/wp-content\/uploads\/2022\/01\/protectores-auditivos-tapones.jpg\" alt=\"\" class=\"wp-image-351\" srcset=\"https:\/\/suministrosjimart.mx\/wp-content\/uploads\/2022\/01\/protectores-auditivos-tapones.jpg 750w, https:\/\/suministrosjimart.mx\/wp-content\/uploads\/2022\/01\/protectores-auditivos-tapones-300x226.jpg 300w\" sizes=\"auto, (max-width: 750px) 100vw, 750px\" \/><\/figure>\n\n\n\n<h4 class=\"wp-block-heading\" id=\"tapones-y-conchas-auditivas\">Tapones y conchas auditivas<\/h4>\n\n\n\n<p>Surtimos diferentes tipos de protecci\u00f3n auditiva como son los tapones desechables, lavables y conchas auditivas.<\/p>\n<\/div>\n<\/div>\n\n\n\n<div style=\"height:40px\" aria-hidden=\"true\" class=\"wp-block-spacer\"><\/div>\n\n\n\n<div class=\"wp-block-buttons alignwide is-horizontal is-content-justification-center is-layout-flex wp-container-core-buttons-is-layout-499968f5 wp-block-buttons-is-layout-flex\">\n<div class=\"wp-block-button\"><a class=\"wp-block-button__link\">Consulte nuestro catalogo <\/a><\/div>\n<\/div>\n<\/div><\/div>\n\n\n\n<div class=\"wp-block-cover alignfull\" style=\"min-height:200px;aspect-ratio:unset;\"><span aria-hidden=\"true\" class=\"has-ast-global-color-0-background-color has-background-dim-100 wp-block-cover__gradient-background has-background-dim\"><\/span><div class=\"wp-block-cover__inner-container is-layout-flow wp-block-cover-is-layout-flow\">\n<div class=\"wp-block-media-text is-stacked-on-mobile is-vertically-aligned-center\"><figure class=\"wp-block-media-text__media\"><img loading=\"lazy\" decoding=\"async\" width=\"1024\" height=\"684\" src=\"https:\/\/suministrosjimart.mx\/wp-content\/uploads\/2022\/01\/464078-PFPX75-827-1024x684.jpg\" alt=\"\" class=\"wp-image-352 size-full\" srcset=\"https:\/\/suministrosjimart.mx\/wp-content\/uploads\/2022\/01\/464078-PFPX75-827-1024x684.jpg 1024w, https:\/\/suministrosjimart.mx\/wp-content\/uploads\/2022\/01\/464078-PFPX75-827-300x200.jpg 300w, https:\/\/suministrosjimart.mx\/wp-content\/uploads\/2022\/01\/464078-PFPX75-827-768x513.jpg 768w, https:\/\/suministrosjimart.mx\/wp-content\/uploads\/2022\/01\/464078-PFPX75-827-1536x1025.jpg 1536w, https:\/\/suministrosjimart.mx\/wp-content\/uploads\/2022\/01\/464078-PFPX75-827.jpg 1600w\" sizes=\"auto, (max-width: 1024px) 100vw, 1024px\" \/><\/figure><div class=\"wp-block-media-text__content\">\n<div class=\"wp-block-group is-layout-flow wp-block-group-is-layout-flow\"><div class=\"wp-block-group__inner-container\">\n<h2 class=\"has-text-align-center has-white-color has-text-color wp-block-heading\" id=\"nosotros-podemos-ayudarle\">Nosotros podemos ayudarle!<\/h2>\n\n\n\n<div class=\"wp-block-buttons is-horizontal is-content-justification-center is-layout-flex wp-container-core-buttons-is-layout-499968f5 wp-block-buttons-is-layout-flex\">\n<div class=\"wp-block-button\"><a class=\"wp-block-button__link has-ast-global-color-0-color has-text-color has-background\" href=\"#\" style=\"background-color:#ffffff\">55 5871 3904<\/a><\/div>\n<\/div>\n<\/div><\/div>\n<\/div><\/div>\n<\/div><\/div>\n","protected":false},"excerpt":{"rendered":"<p>Como podemos ayudarle? Guantes Guantes para todo tipo de trabajo que su empresa requiera, desde un guante de carnaza para trabajos en general o guantes para usos espec\u00edficos como manejo de sustancias peligrosas o guantes para alta tensi\u00f3n. Extintores Recarga, mantenimiento y equipos nuevos de extintores de PQS, CO2 y Agua. Tambi\u00e9n contamos con Mangueras &hellip;<\/p>\n<p class=\"read-more\"> <a class=\"\" href=\"https:\/\/suministrosjimart.mx\/?page_id=12\"> <span class=\"screen-reader-text\">Servicios<\/span> Read More &raquo;<\/a><\/p>\n","protected":false},"author":1,"featured_media":0,"parent":0,"menu_order":0,"comment_status":"closed","ping_status":"closed","template":"","meta":{"om_disable_all_campaigns":false,"_monsterinsights_skip_tracking":false,"_monsterinsights_sitenote_active":false,"_monsterinsights_sitenote_note":"","_monsterinsights_sitenote_category":0,"site-sidebar-layout":"no-sidebar","site-content-layout":"plain-container","ast-main-header-display":"","ast-hfb-above-header-display":"","ast-hfb-below-header-display":"","ast-hfb-mobile-header-display":"","site-post-title":"disabled","ast-breadcrumbs-content":"","ast-featured-img":"","footer-sml-layout":"","theme-transparent-header-meta":"enabled","adv-header-id-meta":"","stick-header-meta":"","header-above-stick-meta":"","header-main-stick-meta":"","header-below-stick-meta":"","footnotes":""},"class_list":["post-12","page","type-page","status-publish","hentry"],"_links":{"self":[{"href":"https:\/\/suministrosjimart.mx\/index.php?rest_route=\/wp\/v2\/pages\/12","targetHints":{"allow":["GET"]}}],"collection":[{"href":"https:\/\/suministrosjimart.mx\/index.php?rest_route=\/wp\/v2\/pages"}],"about":[{"href":"https:\/\/suministrosjimart.mx\/index.php?rest_route=\/wp\/v2\/types\/page"}],"author":[{"embeddable":true,"href":"https:\/\/suministrosjimart.mx\/index.php?rest_route=\/wp\/v2\/users\/1"}],"replies":[{"embeddable":true,"href":"https:\/\/suministrosjimart.mx\/index.php?rest_route=%2Fwp%2Fv2%2Fcomments&post=12"}],"version-history":[{"count":6,"href":"https:\/\/suministrosjimart.mx\/index.php?rest_route=\/wp\/v2\/pages\/12\/revisions"}],"predecessor-version":[{"id":354,"href":"https:\/\/suministrosjimart.mx\/index.php?rest_route=\/wp\/v2\/pages\/12\/revisions\/354"}],"wp:attachment":[{"href":"https:\/\/suministrosjimart.mx\/index.php?rest_route=%2Fwp%2Fv2%2Fmedia&parent=12"}],"curies":[{"name":"wp","href":"https:\/\/api.w.org\/{rel}","templated":true}]}}